{"id":2268,"date":"2026-02-18T08:05:32","date_gmt":"2026-02-18T08:05:32","guid":{"rendered":"https:\/\/edinav.com\/marijampole-fund-support\/"},"modified":"2026-02-18T08:10:38","modified_gmt":"2026-02-18T08:10:38","slug":"marijampoles-fondo-parama","status":"publish","type":"page","link":"https:\/\/edinav.com\/lt\/marijampoles-fondo-parama\/","title":{"rendered":"Marijampol\u0117s fondo parama"},"content":{"rendered":"\n<p><strong>Projekto pavadinimas<\/strong>: Krovini\u0173 Valdymo Sistemos (KVS) mobilioji program\u0117l\u0117<\/p>\n\n\n\n<p><strong>Finansavimo \u0161altinis: <\/strong>Marijampol\u0117s savivaldyb\u0117s Smulkaus ir vidutinio verslo (SVV) r\u0117mimo fondas.<\/p>\n\n\n\n<p><strong>Projekto \u012fgyvendinimo laikotarpis<\/strong>: Bir\u017eelis 2025 &#8211; Vasaris 2026<\/p>\n\n\n\n<p><strong>Paramos tikslas<\/strong>: Krovini\u0173 Valdymo Sistem\u0105 (KVS) mobiliosios program\u0117l\u0117s suk\u016brimas. Program\u0117l\u0117 automatizuoja krovini\u0173 sekim\u0105, i\u0161muitinimo procesus ir panaikina rankin\u012f duomen\u0173 \u012fvedim\u0105. Atliktos integracijos su kitomis sistemomis, suma\u017eina administracini\u0173 klaid\u0173 kiek\u012f bei suteiks 24\/7 matomum\u0105, u\u017etikrinant skland\u0173 proces\u0173 automatizavim\u0105, auk\u0161t\u0105 saugumo lyg\u012f ir tvaresn\u0119 bei ekonomi\u0161kesn\u0119 tiekimo grandin\u0119.<\/p>\n\n\n\n<h1 class=\"wp-block-heading\"><strong>Pasiekti rezultatai<\/strong><\/h1>\n\n\n\n<p><strong>Krovini\u0173 Valdymo Sistemos (KVS) mobilioji program\u0117l\u0117.<\/strong><\/p>\n\n\n\n<p>Projekto tikslas buvo parengti rinkai Krovini\u0173 Valdymo Sistemos (KVS) pl\u0117tin\u012f &#8211; mobili\u0105j\u0105 program\u0117l\u0119. KVS leid\u017eia:<\/p>\n\n\n\n<ul class=\"wp-block-list\">\n<li>Automatizuoti krovini\u0173 sekim\u0105.<\/li>\n\n\n\n<li>Skaitmenizuoti i\u0161muitinimo ir dokumentacijos procesus.<\/li>\n\n\n\n<li>Eliminuoja rankin\u012f darb\u0105, taip ma\u017eina administracines klaidas.<\/li>\n\n\n\n<li>U\u017etikrina 24\/7 matomum\u0105.<\/li>\n<\/ul>\n\n\n\n<p>Sukurta program\u0117l\u0117 panaudojant fondo param\u0105 i\u0161ple\u010dia KVS sistemos naudojim\u0105 (sand\u0117liai, terminalai, angarai), kad darbuotojai gal\u0117t\u0173 dirbti grei\u010diau ir tiksliau, net kai ry\u0161ys nestabilus.<\/p>\n\n\n\n<p>Mobilioji aplikacija u\u017etikrina:<\/p>\n\n\n\n<ul class=\"wp-block-list\">\n<li>paie\u0161k\u0105 pagal konteinerio numer\u012f ar VIN;<\/li>\n\n\n\n<li>fotografavim\u0105 ir nuotrauk\u0173 \u012fk\u0117lim\u0105 su automatiniu transporto vieneto b\u016bsenos atnaujinimu KVS;<br>kameros funkcijas (blykst\u0117, priartinimas\/mastelis);<\/li>\n\n\n\n<li>veikim\u0105 tiek Android, tiek iOS;<\/li>\n\n\n\n<li>offline re\u017eim\u0105 ir sinchronizacij\u0105 prisijungus prie tinklo.<\/li>\n<\/ul>\n\n\n\n<div class=\"wp-block-columns is-layout-flex wp-container-core-columns-is-layout-28f84493 wp-block-columns-is-layout-flex\">\n<div class=\"wp-block-column is-layout-flow wp-block-column-is-layout-flow\">\n<figure class=\"wp-block-image size-full\"><img fetchpriority=\"high\" decoding=\"async\" width=\"917\" height=\"387\" src=\"https:\/\/edinav.com\/wp-content\/uploads\/2026\/02\/Marijampole.png\" alt=\"\" class=\"wp-image-2272\" srcset=\"https:\/\/edinav.com\/wp-content\/uploads\/2026\/02\/Marijampole.png 917w, https:\/\/edinav.com\/wp-content\/uploads\/2026\/02\/Marijampole-300x127.png 300w, https:\/\/edinav.com\/wp-content\/uploads\/2026\/02\/Marijampole-768x324.png 768w\" sizes=\"(max-width: 917px) 100vw, 917px\" \/><\/figure>\n<\/div>\n\n\n\n<div class=\"wp-block-column is-layout-flow wp-block-column-is-layout-flow\">\n<figure class=\"wp-block-image size-full is-resized\"><img decoding=\"async\" width=\"640\" height=\"766\" src=\"https:\/\/edinav.com\/wp-content\/uploads\/2026\/02\/ivhn6z86.jpg\" alt=\"\" class=\"wp-image-2271\" style=\"aspect-ratio:0.8355328508585214;width:204px;height:auto\" srcset=\"https:\/\/edinav.com\/wp-content\/uploads\/2026\/02\/ivhn6z86.jpg 640w, https:\/\/edinav.com\/wp-content\/uploads\/2026\/02\/ivhn6z86-251x300.jpg 251w\" sizes=\"(max-width: 640px) 100vw, 640px\" \/><\/figure>\n<\/div>\n<\/div>\n","protected":false},"excerpt":{"rendered":"<p>Projekto pavadinimas: Krovini\u0173 Valdymo Sistemos (KVS) mobilioji program\u0117l\u0117 Finansavimo \u0161altinis: Marijampol\u0117s savivaldyb\u0117s Smulkaus ir vidutinio verslo (SVV) r\u0117mimo fondas. Projekto [&hellip;]<\/p>\n","protected":false},"author":1,"featured_media":0,"parent":0,"menu_order":0,"comment_status":"closed","ping_status":"closed","template":"","meta":{"site-sidebar-layout":"default","site-content-layout":"","ast-site-content-layout":"default","site-content-style":"default","site-sidebar-style":"default","ast-global-header-display":"","ast-banner-title-visibility":"","ast-main-header-display":"","ast-hfb-above-header-display":"","ast-hfb-below-header-display":"","ast-hfb-mobile-header-display":"","site-post-title":"","ast-breadcrumbs-content":"","ast-featured-img":"","footer-sml-layout":"","ast-disable-related-posts":"","theme-transparent-header-meta":"","adv-header-id-meta":"","stick-header-meta":"","header-above-stick-meta":"","header-main-stick-meta":"","header-below-stick-meta":"","astra-migrate-meta-layouts":"default","ast-page-background-enabled":"default","ast-page-background-meta":{"desktop":{"background-color":"var(--ast-global-color-5)","background-image":"","background-repeat":"repeat","background-position":"center center","background-size":"auto","background-attachment":"scroll","background-type":"","background-media":"","overlay-type":"","overlay-color":"","overlay-opacity":"","overlay-gradient":""},"tablet":{"background-color":"","background-image":"","background-repeat":"repeat","background-position":"center center","background-size":"auto","background-attachment":"scroll","background-type":"","background-media":"","overlay-type":"","overlay-color":"","overlay-opacity":"","overlay-gradient":""},"mobile":{"background-color":"","background-image":"","background-repeat":"repeat","background-position":"center center","background-size":"auto","background-attachment":"scroll","background-type":"","background-media":"","overlay-type":"","overlay-color":"","overlay-opacity":"","overlay-gradient":""}},"ast-content-background-meta":{"desktop":{"background-color":"var(--ast-global-color-4)","background-image":"","background-repeat":"repeat","background-position":"center center","background-size":"auto","background-attachment":"scroll","background-type":"","background-media":"","overlay-type":"","overlay-color":"","overlay-opacity":"","overlay-gradient":""},"tablet":{"background-color":"var(--ast-global-color-4)","background-image":"","background-repeat":"repeat","background-position":"center center","background-size":"auto","background-attachment":"scroll","background-type":"","background-media":"","overlay-type":"","overlay-color":"","overlay-opacity":"","overlay-gradient":""},"mobile":{"background-color":"var(--ast-global-color-4)","background-image":"","background-repeat":"repeat","background-position":"center center","background-size":"auto","background-attachment":"scroll","background-type":"","background-media":"","overlay-type":"","overlay-color":"","overlay-opacity":"","overlay-gradient":""}},"footnotes":""},"class_list":["post-2268","page","type-page","status-publish","hentry"],"yoast_head":"<!-- This site is optimized with the Yoast SEO plugin v27.0 - https:\/\/yoast.com\/product\/yoast-seo-wordpress\/ -->\n<title>Marijampol\u0117s fondo parama - eDINAV<\/title>\n<meta name=\"robots\" content=\"index, follow, max-snippet:-1, max-image-preview:large, max-video-preview:-1\" \/>\n<link rel=\"canonical\" href=\"https:\/\/edinav.com\/lt\/marijampoles-fondo-parama\/\" \/>\n<meta property=\"og:locale\" content=\"lt_LT\" \/>\n<meta property=\"og:type\" content=\"article\" \/>\n<meta property=\"og:title\" content=\"Marijampol\u0117s fondo parama - eDINAV\" \/>\n<meta property=\"og:description\" content=\"Projekto pavadinimas: Krovini\u0173 Valdymo Sistemos (KVS) mobilioji program\u0117l\u0117 Finansavimo \u0161altinis: Marijampol\u0117s savivaldyb\u0117s Smulkaus ir vidutinio verslo (SVV) r\u0117mimo fondas. Projekto [&hellip;]\" \/>\n<meta property=\"og:url\" content=\"https:\/\/edinav.com\/lt\/marijampoles-fondo-parama\/\" \/>\n<meta property=\"og:site_name\" content=\"eDINAV\" \/>\n<meta property=\"article:modified_time\" content=\"2026-02-18T08:10:38+00:00\" \/>\n<meta property=\"og:image\" content=\"https:\/\/edinav.com\/wp-content\/uploads\/2026\/02\/Marijampole.png\" \/>\n\t<meta property=\"og:image:width\" content=\"917\" \/>\n\t<meta property=\"og:image:height\" content=\"387\" \/>\n\t<meta property=\"og:image:type\" content=\"image\/png\" \/>\n<meta name=\"twitter:card\" content=\"summary_large_image\" \/>\n<meta name=\"twitter:label1\" content=\"Est. reading time\" \/>\n\t<meta name=\"twitter:data1\" content=\"2 minut\u0117s\" \/>\n<script type=\"application\/ld+json\" class=\"yoast-schema-graph\">{\"@context\":\"https:\/\/schema.org\",\"@graph\":[{\"@type\":\"WebPage\",\"@id\":\"https:\/\/edinav.com\/lt\/marijampoles-fondo-parama\/\",\"url\":\"https:\/\/edinav.com\/lt\/marijampoles-fondo-parama\/\",\"name\":\"Marijampol\u0117s fondo parama - eDINAV\",\"isPartOf\":{\"@id\":\"https:\/\/edinav.com\/lt\/#website\"},\"primaryImageOfPage\":{\"@id\":\"https:\/\/edinav.com\/lt\/marijampoles-fondo-parama\/#primaryimage\"},\"image\":{\"@id\":\"https:\/\/edinav.com\/lt\/marijampoles-fondo-parama\/#primaryimage\"},\"thumbnailUrl\":\"https:\/\/edinav.com\/wp-content\/uploads\/2026\/02\/Marijampole.png\",\"datePublished\":\"2026-02-18T08:05:32+00:00\",\"dateModified\":\"2026-02-18T08:10:38+00:00\",\"breadcrumb\":{\"@id\":\"https:\/\/edinav.com\/lt\/marijampoles-fondo-parama\/#breadcrumb\"},\"inLanguage\":\"lt-LT\",\"potentialAction\":[{\"@type\":\"ReadAction\",\"target\":[\"https:\/\/edinav.com\/lt\/marijampoles-fondo-parama\/\"]}]},{\"@type\":\"ImageObject\",\"inLanguage\":\"lt-LT\",\"@id\":\"https:\/\/edinav.com\/lt\/marijampoles-fondo-parama\/#primaryimage\",\"url\":\"https:\/\/edinav.com\/wp-content\/uploads\/2026\/02\/Marijampole.png\",\"contentUrl\":\"https:\/\/edinav.com\/wp-content\/uploads\/2026\/02\/Marijampole.png\"},{\"@type\":\"BreadcrumbList\",\"@id\":\"https:\/\/edinav.com\/lt\/marijampoles-fondo-parama\/#breadcrumb\",\"itemListElement\":[{\"@type\":\"ListItem\",\"position\":1,\"name\":\"Home\",\"item\":\"https:\/\/edinav.com\/lt\/\"},{\"@type\":\"ListItem\",\"position\":2,\"name\":\"Marijampol\u0117s fondo parama\"}]},{\"@type\":\"WebSite\",\"@id\":\"https:\/\/edinav.com\/lt\/#website\",\"url\":\"https:\/\/edinav.com\/lt\/\",\"name\":\"eDINAV\",\"description\":\"\",\"publisher\":{\"@id\":\"https:\/\/edinav.com\/lt\/#organization\"},\"potentialAction\":[{\"@type\":\"SearchAction\",\"target\":{\"@type\":\"EntryPoint\",\"urlTemplate\":\"https:\/\/edinav.com\/lt\/?s={search_term_string}\"},\"query-input\":{\"@type\":\"PropertyValueSpecification\",\"valueRequired\":true,\"valueName\":\"search_term_string\"}}],\"inLanguage\":\"lt-LT\"},{\"@type\":\"Organization\",\"@id\":\"https:\/\/edinav.com\/lt\/#organization\",\"name\":\"eDINAV\",\"url\":\"https:\/\/edinav.com\/lt\/\",\"logo\":{\"@type\":\"ImageObject\",\"inLanguage\":\"lt-LT\",\"@id\":\"https:\/\/edinav.com\/lt\/#\/schema\/logo\/image\/\",\"url\":\"https:\/\/edinav.com\/wp-content\/uploads\/2025\/03\/cropped-Itraukti-antraste-3.png\",\"contentUrl\":\"https:\/\/edinav.com\/wp-content\/uploads\/2025\/03\/cropped-Itraukti-antraste-3.png\",\"width\":250,\"height\":100,\"caption\":\"eDINAV\"},\"image\":{\"@id\":\"https:\/\/edinav.com\/lt\/#\/schema\/logo\/image\/\"}}]}<\/script>\n<!-- \/ Yoast SEO plugin. -->","yoast_head_json":{"title":"Marijampol\u0117s fondo parama - eDINAV","robots":{"index":"index","follow":"follow","max-snippet":"max-snippet:-1","max-image-preview":"max-image-preview:large","max-video-preview":"max-video-preview:-1"},"canonical":"https:\/\/edinav.com\/lt\/marijampoles-fondo-parama\/","og_locale":"lt_LT","og_type":"article","og_title":"Marijampol\u0117s fondo parama - eDINAV","og_description":"Projekto pavadinimas: Krovini\u0173 Valdymo Sistemos (KVS) mobilioji program\u0117l\u0117 Finansavimo \u0161altinis: Marijampol\u0117s savivaldyb\u0117s Smulkaus ir vidutinio verslo (SVV) r\u0117mimo fondas. Projekto [&hellip;]","og_url":"https:\/\/edinav.com\/lt\/marijampoles-fondo-parama\/","og_site_name":"eDINAV","article_modified_time":"2026-02-18T08:10:38+00:00","og_image":[{"width":917,"height":387,"url":"https:\/\/edinav.com\/wp-content\/uploads\/2026\/02\/Marijampole.png","type":"image\/png"}],"twitter_card":"summary_large_image","twitter_misc":{"Est. reading time":"2 minut\u0117s"},"schema":{"@context":"https:\/\/schema.org","@graph":[{"@type":"WebPage","@id":"https:\/\/edinav.com\/lt\/marijampoles-fondo-parama\/","url":"https:\/\/edinav.com\/lt\/marijampoles-fondo-parama\/","name":"Marijampol\u0117s fondo parama - eDINAV","isPartOf":{"@id":"https:\/\/edinav.com\/lt\/#website"},"primaryImageOfPage":{"@id":"https:\/\/edinav.com\/lt\/marijampoles-fondo-parama\/#primaryimage"},"image":{"@id":"https:\/\/edinav.com\/lt\/marijampoles-fondo-parama\/#primaryimage"},"thumbnailUrl":"https:\/\/edinav.com\/wp-content\/uploads\/2026\/02\/Marijampole.png","datePublished":"2026-02-18T08:05:32+00:00","dateModified":"2026-02-18T08:10:38+00:00","breadcrumb":{"@id":"https:\/\/edinav.com\/lt\/marijampoles-fondo-parama\/#breadcrumb"},"inLanguage":"lt-LT","potentialAction":[{"@type":"ReadAction","target":["https:\/\/edinav.com\/lt\/marijampoles-fondo-parama\/"]}]},{"@type":"ImageObject","inLanguage":"lt-LT","@id":"https:\/\/edinav.com\/lt\/marijampoles-fondo-parama\/#primaryimage","url":"https:\/\/edinav.com\/wp-content\/uploads\/2026\/02\/Marijampole.png","contentUrl":"https:\/\/edinav.com\/wp-content\/uploads\/2026\/02\/Marijampole.png"},{"@type":"BreadcrumbList","@id":"https:\/\/edinav.com\/lt\/marijampoles-fondo-parama\/#breadcrumb","itemListElement":[{"@type":"ListItem","position":1,"name":"Home","item":"https:\/\/edinav.com\/lt\/"},{"@type":"ListItem","position":2,"name":"Marijampol\u0117s fondo parama"}]},{"@type":"WebSite","@id":"https:\/\/edinav.com\/lt\/#website","url":"https:\/\/edinav.com\/lt\/","name":"eDINAV","description":"","publisher":{"@id":"https:\/\/edinav.com\/lt\/#organization"},"potentialAction":[{"@type":"SearchAction","target":{"@type":"EntryPoint","urlTemplate":"https:\/\/edinav.com\/lt\/?s={search_term_string}"},"query-input":{"@type":"PropertyValueSpecification","valueRequired":true,"valueName":"search_term_string"}}],"inLanguage":"lt-LT"},{"@type":"Organization","@id":"https:\/\/edinav.com\/lt\/#organization","name":"eDINAV","url":"https:\/\/edinav.com\/lt\/","logo":{"@type":"ImageObject","inLanguage":"lt-LT","@id":"https:\/\/edinav.com\/lt\/#\/schema\/logo\/image\/","url":"https:\/\/edinav.com\/wp-content\/uploads\/2025\/03\/cropped-Itraukti-antraste-3.png","contentUrl":"https:\/\/edinav.com\/wp-content\/uploads\/2025\/03\/cropped-Itraukti-antraste-3.png","width":250,"height":100,"caption":"eDINAV"},"image":{"@id":"https:\/\/edinav.com\/lt\/#\/schema\/logo\/image\/"}}]}},"_links":{"self":[{"href":"https:\/\/edinav.com\/lt\/wp-json\/wp\/v2\/pages\/2268","targetHints":{"allow":["GET"]}}],"collection":[{"href":"https:\/\/edinav.com\/lt\/wp-json\/wp\/v2\/pages"}],"about":[{"href":"https:\/\/edinav.com\/lt\/wp-json\/wp\/v2\/types\/page"}],"author":[{"embeddable":true,"href":"https:\/\/edinav.com\/lt\/wp-json\/wp\/v2\/users\/1"}],"replies":[{"embeddable":true,"href":"https:\/\/edinav.com\/lt\/wp-json\/wp\/v2\/comments?post=2268"}],"version-history":[{"count":4,"href":"https:\/\/edinav.com\/lt\/wp-json\/wp\/v2\/pages\/2268\/revisions"}],"predecessor-version":[{"id":2275,"href":"https:\/\/edinav.com\/lt\/wp-json\/wp\/v2\/pages\/2268\/revisions\/2275"}],"wp:attachment":[{"href":"https:\/\/edinav.com\/lt\/wp-json\/wp\/v2\/media?parent=2268"}],"curies":[{"name":"wp","href":"https:\/\/api.w.org\/{rel}","templated":true}]}}